{"id":16,"date":"2017-09-27T08:29:11","date_gmt":"2017-09-27T08:29:11","guid":{"rendered":"http:\/\/eserbsegumrukleme.com\/\/?page_id=16"},"modified":"2022-05-23T16:44:23","modified_gmt":"2022-05-23T13:44:23","slug":"hizmetlerimiz","status":"publish","type":"page","link":"https:\/\/eserbsegumrukleme.com\/index.php\/hizmetlerimiz\/","title":{"rendered":"Hizmetlerimiz"},"content":{"rendered":"<p>[vc_row][vc_column width=&#8221;1\/3&#8243;]\n<!-- BEGIN .imagebox -->\n<div class=\"imagebox   vc_custom_1653313298090\">\n\t\n\t\t<div class=\"box-header\">\n\t\t\t<h3 class=\"box-title\">\n\t\t\t\t<a href=\"https:\/\/eserbsegumrukleme.com\/index.php\/hizmetlerimiz\/ithalat-islemleri\/\" target=\"_self\">\n\t\t\t\t\t\u0130thalat \u0130\u015flemleri\t\t\t\t<\/a>\n\t\t\t<\/h3>\n\n\t\t\t\t\t<\/div>\n\n\t\t<div class=\"box-content\"><p>Eser BSE her m\u00fc\u015fterisi i\u00e7in \u00f6zel bir temsilci belirler ve ithalat i\u015flemlerinizi ba\u015f\u0131ndan sonuna kadar bu temsilci y\u00fcr\u00fct\u00fcr.<\/p>\n<\/div>\n\n\t\t<div class=\"box-image\">\n\t\t\t<a href=\"https:\/\/eserbsegumrukleme.com\/index.php\/hizmetlerimiz\/ithalat-islemleri\/\" target=\"_self\">\n\t\t\t\t\t\t\t\t\t<div class=\"box-button button\">\t\n\t\t\t\t\t\t<span>Devam\u0131<\/span><i class=\"ion-log-in\"><\/i>\n\t\t\t\t\t<\/div>\n\t\t\t\t\n\t\t\t\t<img loading=\"lazy\" decoding=\"async\" class=\"\" src=\"https:\/\/eserbsegumrukleme.com\/wp-content\/uploads\/2022\/05\/eserbse-gumruk-lojistik-mersin-800x350.jpg\" width=\"800\" height=\"350\" alt=\"eserbse-gumruk-lojistik-mersin\" title=\"eserbse-gumruk-lojistik-mersin\" \/>\t\t\t<\/a>\n\t\t<\/div>\n\t<\/div>\n<!-- End .imagebox -->\n[vc_empty_space height=&#8221;30px&#8221;][\/vc_column][vc_column width=&#8221;1\/3&#8243;]\n<!-- BEGIN .imagebox -->\n<div class=\"imagebox   vc_custom_1653313290416\">\n\t\n\t\t<div class=\"box-header\">\n\t\t\t<h3 class=\"box-title\">\n\t\t\t\t<a href=\"https:\/\/eserbsegumrukleme.com\/index.php\/hizmetlerimiz\/ihracat-islemleri\/\" target=\"_self\">\n\t\t\t\t\t\u0130hracat \u0130\u015flemleri\t\t\t\t<\/a>\n\t\t\t<\/h3>\n\n\t\t\t\t\t<\/div>\n\n\t\t<div class=\"box-content\"><p>Eser BSE her m\u00fc\u015fterisi i\u00e7in \u00f6zel bir temsilci belirler ve ihracat i\u015flemlerinizi ba\u015f\u0131ndan sonuna kadar bu temsilci y\u00fcr\u00fct\u00fcr.<\/p>\n<\/div>\n\n\t\t<div class=\"box-image\">\n\t\t\t<a href=\"https:\/\/eserbsegumrukleme.com\/index.php\/hizmetlerimiz\/ihracat-islemleri\/\" target=\"_self\">\n\t\t\t\t\t\t\t\t\t<div class=\"box-button button\">\t\n\t\t\t\t\t\t<span>Devam\u0131<\/span><i class=\"ion-log-in\"><\/i>\n\t\t\t\t\t<\/div>\n\t\t\t\t\n\t\t\t\t<img loading=\"lazy\" decoding=\"async\" class=\"\" src=\"https:\/\/eserbsegumrukleme.com\/wp-content\/uploads\/2022\/05\/dis-ticaret-danismanligi-800x350.jpg\" width=\"800\" height=\"350\" alt=\"dis-ticaret-danismanligi\" title=\"dis-ticaret-danismanligi\" \/>\t\t\t<\/a>\n\t\t<\/div>\n\t<\/div>\n<!-- End .imagebox -->\n[vc_empty_space height=&#8221;30px&#8221;][\/vc_column][vc_column width=&#8221;1\/3&#8243;]\n<!-- BEGIN .imagebox -->\n<div class=\"imagebox   vc_custom_1653313346685\">\n\t\n\t\t<div class=\"box-header\">\n\t\t\t<h3 class=\"box-title\">\n\t\t\t\t<a href=\"https:\/\/eserbsegumrukleme.com\/index.php\/hizmetlerimiz\/transit-tasima-eser-bse\/\" target=\"_self\">\n\t\t\t\t\tTransit \u0130\u015flemleri\t\t\t\t<\/a>\n\t\t\t<\/h3>\n\n\t\t\t\t\t<\/div>\n\n\t\t<div class=\"box-content\"><p>Eser BSE her m\u00fc\u015fterisi i\u00e7in \u00f6zel bir temsilci belirler ve transit i\u015flemlerinizi ba\u015f\u0131ndan sonuna kadar bu temsilci y\u00fcr\u00fct\u00fcr.<\/p>\n<\/div>\n\n\t\t<div class=\"box-image\">\n\t\t\t<a href=\"https:\/\/eserbsegumrukleme.com\/index.php\/hizmetlerimiz\/transit-tasima-eser-bse\/\" target=\"_self\">\n\t\t\t\t\t\t\t\t\t<div class=\"box-button button\">\t\n\t\t\t\t\t\t<span>Devam\u0131<\/span><i class=\"ion-log-in\"><\/i>\n\t\t\t\t\t<\/div>\n\t\t\t\t\n\t\t\t\t<img loading=\"lazy\" decoding=\"async\" class=\"\" src=\"https:\/\/eserbsegumrukleme.com\/wp-content\/uploads\/2022\/05\/lojistik-hizmetleri-800x350.jpg\" width=\"800\" height=\"350\" alt=\"lojistik-hizmetleri\" title=\"lojistik-hizmetleri\" \/>\t\t\t<\/a>\n\t\t<\/div>\n\t<\/div>\n<!-- End .imagebox -->\n[vc_empty_space height=&#8221;30px&#8221;][\/vc_column][\/vc_row][vc_row][vc_column width=&#8221;1\/3&#8243;]\n<!-- BEGIN .imagebox -->\n<div class=\"imagebox   vc_custom_1653313523618\">\n\t\n\t\t<div class=\"box-header\">\n\t\t\t<h3 class=\"box-title\">\n\t\t\t\t<a href=\"https:\/\/eserbsegumrukleme.com\/index.php\/hizmetlerimiz\/karayolu-tasimaciligi\/\" target=\"_self\">\n\t\t\t\t\tKarayolu Ta\u015f\u0131mac\u0131l\u0131\u011f\u0131\t\t\t\t<\/a>\n\t\t\t<\/h3>\n\n\t\t\t\t\t<\/div>\n\n\t\t<div class=\"box-content\"><p>Karayolu ta\u015f\u0131mac\u0131l\u0131\u011f\u0131nda t\u00fcm d\u00fcnya genelindeki standartlar ile ta\u015f\u0131mac\u0131l\u0131k alan\u0131nda \u00f6zel \u00e7\u00f6z\u00fcmler sunmaktay\u0131z.<\/p>\n<\/div>\n\n\t\t<div class=\"box-image\">\n\t\t\t<a href=\"https:\/\/eserbsegumrukleme.com\/index.php\/hizmetlerimiz\/karayolu-tasimaciligi\/\" target=\"_self\">\n\t\t\t\t\t\t\t\t\t<div class=\"box-button button\">\t\n\t\t\t\t\t\t<span>Devam\u0131<\/span><i class=\"ion-log-in\"><\/i>\n\t\t\t\t\t<\/div>\n\t\t\t\t\n\t\t\t\t<img loading=\"lazy\" decoding=\"async\" class=\"\" src=\"https:\/\/eserbsegumrukleme.com\/wp-content\/uploads\/2022\/05\/karayolu-nakliye-800x350.jpg\" width=\"800\" height=\"350\" alt=\"karayolu-nakliye\" title=\"karayolu-nakliye\" \/>\t\t\t<\/a>\n\t\t<\/div>\n\t<\/div>\n<!-- End .imagebox -->\n[vc_empty_space height=&#8221;30px&#8221;][\/vc_column][vc_column width=&#8221;1\/3&#8243;]\n<!-- BEGIN .imagebox -->\n<div class=\"imagebox   vc_custom_1653313568514\">\n\t\n\t\t<div class=\"box-header\">\n\t\t\t<h3 class=\"box-title\">\n\t\t\t\t<a href=\"https:\/\/eserbsegumrukleme.com\/index.php\/hizmetlerimiz\/havayolu-tasimaciligi\/\" target=\"_self\">\n\t\t\t\t\tHavayolu Ta\u015f\u0131mac\u0131l\u0131\u011f\u0131\t\t\t\t<\/a>\n\t\t\t<\/h3>\n\n\t\t\t\t\t<\/div>\n\n\t\t<div class=\"box-content\"><p>Havayolu ta\u015f\u0131mac\u0131l\u0131\u011f\u0131nda t\u00fcm d\u00fcnya genelindeki standartlar ile h\u0131zl\u0131 ta\u015f\u0131mac\u0131l\u0131k sunmaktay\u0131z.<\/p>\n<\/div>\n\n\t\t<div class=\"box-image\">\n\t\t\t<a href=\"https:\/\/eserbsegumrukleme.com\/index.php\/hizmetlerimiz\/havayolu-tasimaciligi\/\" target=\"_self\">\n\t\t\t\t\t\t\t\t\t<div class=\"box-button button\">\t\n\t\t\t\t\t\t<span>Devam\u0131<\/span><i class=\"ion-log-in\"><\/i>\n\t\t\t\t\t<\/div>\n\t\t\t\t\n\t\t\t\t<img loading=\"lazy\" decoding=\"async\" class=\"\" src=\"https:\/\/eserbsegumrukleme.com\/wp-content\/uploads\/2022\/05\/hava-kargo-cargo-containers-800x350.jpg\" width=\"800\" height=\"350\" alt=\"Preparation before flight. Loading of cargo containers against jet engine of freight airplane.\" title=\"Loading of cargo containers to airplane\" \/>\t\t\t<\/a>\n\t\t<\/div>\n\t<\/div>\n<!-- End .imagebox -->\n[vc_empty_space height=&#8221;30px&#8221;][\/vc_column][vc_column width=&#8221;1\/3&#8243;]\n<!-- BEGIN .imagebox -->\n<div class=\"imagebox   vc_custom_1653313614288\">\n\t\n\t\t<div class=\"box-header\">\n\t\t\t<h3 class=\"box-title\">\n\t\t\t\t<a href=\"https:\/\/eserbsegumrukleme.com\/index.php\/hizmetlerimiz\/denizyolu-tasimaciligi\/\" target=\"_self\">\n\t\t\t\t\tDenizyolu Ta\u015f\u0131mac\u0131l\u0131\u011f\u0131\t\t\t\t<\/a>\n\t\t\t<\/h3>\n\n\t\t\t\t\t<\/div>\n\n\t\t<div class=\"box-content\"><p>Deniz ta\u015f\u0131mac\u0131l\u0131\u011f\u0131nda t\u00fcm d\u00fcnya genelindeki standartlar ile uygun maliyetli ta\u015f\u0131mac\u0131l\u0131k hizmeti sunmaktay\u0131z.<\/p>\n<\/div>\n\n\t\t<div class=\"box-image\">\n\t\t\t<a href=\"https:\/\/eserbsegumrukleme.com\/index.php\/hizmetlerimiz\/denizyolu-tasimaciligi\/\" target=\"_self\">\n\t\t\t\t\t\t\t\t\t<div class=\"box-button button\">\t\n\t\t\t\t\t\t<span>Devam\u0131<\/span><i class=\"ion-log-in\"><\/i>\n\t\t\t\t\t<\/div>\n\t\t\t\t\n\t\t\t\t<img loading=\"lazy\" decoding=\"async\" class=\"\" src=\"https:\/\/eserbsegumrukleme.com\/wp-content\/uploads\/2022\/05\/eserbse-gumruk-lojistik-800x350.jpg\" width=\"800\" height=\"350\" alt=\"eserbse-gumruk-lojistik\" title=\"eserbse-gumruk-lojistik\" \/>\t\t\t<\/a>\n\t\t<\/div>\n\t<\/div>\n<!-- End .imagebox -->\n[vc_empty_space height=&#8221;30px&#8221;][\/vc_column][\/vc_row]<\/p>\n","protected":false},"excerpt":{"rendered":"<p>[vc_row][vc_column width=&#8221;1\/3&#8243;][vc_empty_space height=&#8221;30px&#8221;][\/vc_column][vc_column width=&#8221;1\/3&#8243;][vc_empty_space height=&#8221;30px&#8221;][\/vc_column][vc_column width=&#8221;1\/3&#8243;][vc_empty_space height=&#8221;30px&#8221;][\/vc_column][\/vc_row][vc_row][vc_column width=&#8221;1\/3&#8243;][vc_empty_space height=&#8221;30px&#8221;][\/vc_column][vc_column width=&#8221;1\/3&#8243;][vc_empty_space height=&#8221;30px&#8221;][\/vc_column][vc_column width=&#8221;1\/3&#8243;][vc_empty_space height=&#8221;30px&#8221;][\/vc_column][\/vc_row]<\/p>\n","protected":false},"author":1,"featured_media":0,"parent":0,"menu_order":0,"comment_status":"closed","ping_status":"closed","template":"","meta":{"footnotes":""},"class_list":["post-16","page","type-page","status-publish","hentry"],"acf":[],"_links":{"self":[{"href":"https:\/\/eserbsegumrukleme.com\/index.php\/wp-json\/wp\/v2\/pages\/16","targetHints":{"allow":["GET"]}}],"collection":[{"href":"https:\/\/eserbsegumrukleme.com\/index.php\/wp-json\/wp\/v2\/pages"}],"about":[{"href":"https:\/\/eserbsegumrukleme.com\/index.php\/wp-json\/wp\/v2\/types\/page"}],"author":[{"embeddable":true,"href":"https:\/\/eserbsegumrukleme.com\/index.php\/wp-json\/wp\/v2\/users\/1"}],"replies":[{"embeddable":true,"href":"https:\/\/eserbsegumrukleme.com\/index.php\/wp-json\/wp\/v2\/comments?post=16"}],"version-history":[{"count":6,"href":"https:\/\/eserbsegumrukleme.com\/index.php\/wp-json\/wp\/v2\/pages\/16\/revisions"}],"predecessor-version":[{"id":1866,"href":"https:\/\/eserbsegumrukleme.com\/index.php\/wp-json\/wp\/v2\/pages\/16\/revisions\/1866"}],"wp:attachment":[{"href":"https:\/\/eserbsegumrukleme.com\/index.php\/wp-json\/wp\/v2\/media?parent=16"}],"curies":[{"name":"wp","href":"https:\/\/api.w.org\/{rel}","templated":true}]}}