{"id":18,"date":"2017-09-27T08:29:29","date_gmt":"2017-09-27T08:29:29","guid":{"rendered":"http:\/\/eserbsegumrukleme.com\/\/?page_id=18"},"modified":"2022-05-23T16:18:32","modified_gmt":"2022-05-23T13:18:32","slug":"eserbse-gumruk-iletisim","status":"publish","type":"page","link":"https:\/\/eserbsegumrukleme.com\/index.php\/eserbse-gumruk-iletisim\/","title":{"rendered":"\u0130leti\u015fim"},"content":{"rendered":"<p>[vc_row equal_height=&#8221;yes&#8221; css=&#8221;.vc_custom_1513048596846{margin-right: 0px !important;margin-bottom: 90px !important;margin-left: 0px !important;}&#8221;][vc_column width=&#8221;2\/3&#8243; css=&#8221;.vc_custom_1513048602768{background-color: #ffffff !important;}&#8221; el_class=&#8221;shadow&#8221;][vc_empty_space height=&#8221;50px&#8221;][vc_row_inner][vc_column_inner width=&#8221;1\/12&#8243;][\/vc_column_inner][vc_column_inner width=&#8221;5\/6&#8243;][vc_column_text]<\/p>\n<h3 class=\"no-margin-top\" style=\"text-align: center;\">Bizimle ileti\u015fime ge\u00e7in<\/h3>\n<p>[\/vc_column_text][vc_empty_space height=&#8221;10px&#8221;][vc_column_text]<\/p>\n<p style=\"text-align: center;\"><span class=\"VIiyi\" lang=\"tr\"><span class=\"JLqJ4b ChMk0b\" data-language-for-alternatives=\"tr\" data-language-to-translate-into=\"en\" data-phrase-index=\"1\" data-number-of-phrases=\"2\"><span class=\"Q4iAWc\"> Bize ula\u015f\u0131n, yard\u0131m etmek i\u00e7in buraday\u0131z.<\/span><\/span><\/span><\/p>\n<p>[\/vc_column_text][vc_empty_space height=&#8221;35px&#8221;]<div role=\"form\" class=\"wpcf7\" id=\"wpcf7-f59-o1\" lang=\"en-US\" dir=\"ltr\">\n<div class=\"screen-reader-response\"><p role=\"status\" aria-live=\"polite\" aria-atomic=\"true\"><\/p> <ul><\/ul><\/div>\n<form action=\"\/index.php\/wp-json\/wp\/v2\/pages\/18#wpcf7-f59-o1\" method=\"post\" class=\"wpcf7-form init\" novalidate=\"novalidate\" data-status=\"init\">\n<div style=\"display: none;\">\n<input type=\"hidden\" name=\"_wpcf7\" value=\"59\" \/>\n<input type=\"hidden\" name=\"_wpcf7_version\" value=\"5.5.6\" \/>\n<input type=\"hidden\" name=\"_wpcf7_locale\" value=\"en_US\" \/>\n<input type=\"hidden\" name=\"_wpcf7_unit_tag\" value=\"wpcf7-f59-o1\" \/>\n<input type=\"hidden\" name=\"_wpcf7_container_post\" value=\"0\" \/>\n<input type=\"hidden\" name=\"_wpcf7_posted_data_hash\" value=\"\" \/>\n<\/div>\n<div class=\"form-request\">\n<div class=\"row\">\n<div class=\"columns columns-6\"><span class=\"wpcf7-form-control-wrap text-131\"><input type=\"text\" name=\"text-131\" value=\"\" size=\"40\" class=\"wpcf7-form-control wpcf7-text\" aria-invalid=\"false\" placeholder=\"Ad\" \/><\/span><\/div>\n<div class=\"columns columns-6\"><span class=\"wpcf7-form-control-wrap text-131\"><input type=\"text\" name=\"text-131\" value=\"\" size=\"40\" class=\"wpcf7-form-control wpcf7-text\" aria-invalid=\"false\" placeholder=\"Soyad\" \/><\/span><\/div>\n<\/div>\n<div class=\"row\">\n<div class=\"columns columns-6\"><span class=\"wpcf7-form-control-wrap email-451\"><input type=\"email\" name=\"email-451\" value=\"\" size=\"40\" class=\"wpcf7-form-control wpcf7-text wpcf7-email wpcf7-validates-as-email\" aria-invalid=\"false\" placeholder=\"Email\" \/><\/span><\/div>\n<div class=\"columns columns-6\"><span class=\"wpcf7-form-control-wrap text-131\"><input type=\"text\" name=\"text-131\" value=\"\" size=\"40\" class=\"wpcf7-form-control wpcf7-text\" aria-invalid=\"false\" placeholder=\"Telefon\" \/><\/span><\/div>\n<\/div>\n<div class=\"row\">\n<div class=\"columns columns-6\"><span class=\"wpcf7-form-control-wrap text-131\"><input type=\"text\" name=\"text-131\" value=\"\" size=\"40\" class=\"wpcf7-form-control wpcf7-text\" aria-invalid=\"false\" placeholder=\"Firma Ad\u0131\" \/><\/span><\/div>\n<div class=\"columns columns-6\"><span class=\"wpcf7-form-control-wrap menu-276\"><select name=\"menu-276\" class=\"wpcf7-form-control wpcf7-select\" aria-invalid=\"false\"><option value=\"Konu\">Konu<\/option><option value=\"Genel\">Genel<\/option><option value=\"Geri Bildirim\">Geri Bildirim<\/option><option value=\"\u0130\u015f Birli\u011fi\">\u0130\u015f Birli\u011fi<\/option><option value=\"Finans\">Finans<\/option><option value=\"Kariyer\">Kariyer<\/option><option value=\"Di\u011fer\">Di\u011fer<\/option><\/select><\/span><\/div>\n<\/div>\n<div class=\"row\">\n<div class=\"columns columns-12\"><span class=\"wpcf7-form-control-wrap textarea-551\"><textarea name=\"textarea-551\" cols=\"40\" rows=\"10\" class=\"wpcf7-form-control wpcf7-textarea\" aria-invalid=\"false\" placeholder=\"Mesaj...\"><\/textarea><\/span><\/div>\n<\/div>\n<div class=\"row\">\n<div class=\"columns columns-12\"><input type=\"submit\" value=\"G\u00f6nder\" class=\"wpcf7-form-control has-spinner wpcf7-submit\" \/><\/div>\n<\/div>\n<\/div>\n<div class=\"wpcf7-response-output\" aria-hidden=\"true\"><\/div><\/form><\/div>[vc_empty_space height=&#8221;20px&#8221;][vc_column_text]<\/p>\n<p style=\"text-align: center; font-size: 13px;\">Ayr\u0131ca eser@eserbsegumrukleme.com adresinden bize e-posta g\u00f6nderebilirsiniz.<\/p>\n<p>[\/vc_column_text][\/vc_column_inner][vc_column_inner width=&#8221;1\/12&#8243;][\/vc_column_inner][\/vc_row_inner][vc_empty_space height=&#8221;50px&#8221;][\/vc_column][vc_column width=&#8221;1\/3&#8243; css=&#8221;.vc_custom_1513048549225{padding-top: 90px !important;padding-right: 50px !important;padding-bottom: 50px !important;padding-left: 50px !important;background-color: #f2f2f3 !important;}&#8221;][vc_column_text]<\/p>\n<h5 class=\"no-margin-top\">\u0130leti\u015fim numaralar\u0131m\u0131z<\/h5>\n<p>[\/vc_column_text][vc_empty_space height=&#8221;20px&#8221;]<ul class=\"iconlist iconlist iconlist-icon-mini \"><li ><div class=\"iconlist-item-icon\"><i class=\"sl-phone\"><\/i><span class=\"shapes\"><\/span><\/div><div class=\"iconlist-item-content\"><a href=\"tel:+905348161731\">+9 0534 816 1731<\/a> (Sat\u0131\u015f)<\/div><\/li><li ><div class=\"iconlist-item-icon\"><i class=\"sl-call-out\"><\/i><span class=\"shapes\"><\/span><\/div><div class=\"iconlist-item-content\"><a href=\"tel:+905305276551\">+9 0530 527 6551<\/a> (Operasyon)<\/div><\/li><li ><div class=\"iconlist-item-icon\"><i class=\"sl-call-out\"><\/i><span class=\"shapes\"><\/span><\/div><div class=\"iconlist-item-content\"><a href=\"tel:+905346940778\">+90 534 694 07 78<\/a> (Muhasebe)<\/div><\/li><\/ul>[vc_empty_space height=&#8221;40px&#8221;][vc_column_text]<\/p>\n<h5 class=\"no-margin-top\">Mail Adreslerimiz<\/h5>\n<p>[\/vc_column_text][vc_empty_space height=&#8221;20px&#8221;]<ul class=\"iconlist iconlist iconlist-icon-mini \"><li ><div class=\"iconlist-item-icon\"><i class=\"sl-envelope\"><\/i><span class=\"shapes\"><\/span><\/div><div class=\"iconlist-item-content\">eser@eserbsegumrukleme.com<\/div><\/li><li ><div class=\"iconlist-item-icon\"><i class=\"sl-envelope\"><\/i><span class=\"shapes\"><\/span><\/div><div class=\"iconlist-item-content\">export@eserbsegumrukleme.com<\/div><\/li><li ><div class=\"iconlist-item-icon\"><i class=\"sl-envelope\"><\/i><span class=\"shapes\"><\/span><\/div><div class=\"iconlist-item-content\">operation@eserbsegumrukleme.com<\/div><\/li><\/ul>[vc_empty_space height=&#8221;30px&#8221;][vc_column_text]<\/p>\n<h5 style=\"margin: 0 0 10px 0;\">Adres:<\/h5>\n<p>Cami\u015ferif Mh. 5227. Sk. No:6 Meral Duran \u0130\u015f Merkezi Kat:1<\/p>\n<p>Akdeniz \/ MERS\u0130N[\/vc_column_text][\/vc_column][\/vc_row][vc_row][vc_column][vc_gmaps link=&#8221;#E-8_JTNDaWZyYW1lJTIwc3JjJTNEJTIyaHR0cHMlM0ElMkYlMkZ3d3cuZ29vZ2xlLmNvbSUyRm1hcHMlMkZlbWJlZCUzRnBiJTNEJTIxMW0xOCUyMTFtMTIlMjExbTMlMjExZDc5OC42NjA3MDc3ODMzNzY2JTIxMmQzNC42MzA3NTkwMjkzNjA5NiUyMTNkMzYuODAzMTEzMDk5OTk5OTklMjEybTMlMjExZjAlMjEyZjAlMjEzZjAlMjEzbTIlMjExaTEwMjQlMjEyaTc2OCUyMTRmMTMuMSUyMTNtMyUyMTFtMiUyMTFzMHgxNTI3ZjNhOGJjMDhkODVmJTI1M0EweGFlNDg2NTA4YTU4NmMwNDIlMjEyc0NhbWklMjUyMCUyNUM1JTI1OUVlcmlmJTI1MkMlMjUyMDUyMjcuJTI1MjBTay4lMjUyME5vJTI1M0E2JTI1MkMlMjUyMDMzMDYwJTI1MjBBa2Rlbml6JTI1MkZNZXJzaW4lMjE1ZTAlMjEzbTIlMjExc3RyJTIxMnN0ciUyMTR2MTY1MzMxMjAyODU2NSUyMTVtMiUyMTFzdHIlMjEyc3RyJTIyJTIwd2lkdGglM0QlMjI2MDAlMjIlMjBoZWlnaHQlM0QlMjI0NTAlMjIlMjBzdHlsZSUzRCUyMmJvcmRlciUzQTAlM0IlMjIlMjBhbGxvd2Z1bGxzY3JlZW4lM0QlMjIlMjIlMjBsb2FkaW5nJTNEJTIybGF6eSUyMiUyMHJlZmVycmVycG9saWN5JTNEJTIybm8tcmVmZXJyZXItd2hlbi1kb3duZ3JhZGUlMjIlM0UlM0MlMkZpZnJhbWUlM0U=&#8221;][\/vc_column][\/vc_row]<\/p>\n","protected":false},"excerpt":{"rendered":"<p>[vc_row equal_height=&#8221;yes&#8221; css=&#8221;.vc_custom_1513048596846{margin-right: 0px !important;margin-bottom: 90px !important;margin-left: 0px !important;}&#8221;][vc_column width=&#8221;2\/3&#8243; css=&#8221;.vc_custom_1513048602768{background-color: #ffffff !important;}&#8221; el_class=&#8221;shadow&#8221;][vc_empty_space height=&#8221;50px&#8221;][vc_row_inner][vc_column_inner width=&#8221;1\/12&#8243;][\/vc_column_inner][vc_column_inner width=&#8221;5\/6&#8243;][vc_column_text] Bizimle ileti\u015fime ge\u00e7in [\/vc_column_text][vc_empty_space height=&#8221;10px&#8221;][vc_column_text] Bize ula\u015f\u0131n, yard\u0131m etmek i\u00e7in buraday\u0131z. [\/vc_column_text][vc_empty_space height=&#8221;35px&#8221;][vc_empty_space height=&#8221;20px&#8221;][vc_column_text] Ayr\u0131ca eser@eserbsegumrukleme.com adresinden bize e-posta g\u00f6nderebilirsiniz. [\/vc_column_text][\/vc_column_inner][vc_column_inner width=&#8221;1\/12&#8243;][\/vc_column_inner][\/vc_row_inner][vc_empty_space height=&#8221;50px&#8221;][\/vc_column][vc_column width=&#8221;1\/3&#8243; css=&#8221;.vc_custom_1513048549225{padding-top: 90px !important;padding-right: 50px !important;padding-bottom: 50px !important;padding-left: 50px !important;background-color: #f2f2f3 !important;}&#8221;][vc_column_text] \u0130leti\u015fim numaralar\u0131m\u0131z [\/vc_column_text][vc_empty_space [&hellip;]<\/p>\n","protected":false},"author":1,"featured_media":0,"parent":0,"menu_order":0,"comment_status":"closed","ping_status":"closed","template":"","meta":{"footnotes":""},"class_list":["post-18","page","type-page","status-publish","hentry"],"acf":[],"_links":{"self":[{"href":"https:\/\/eserbsegumrukleme.com\/index.php\/wp-json\/wp\/v2\/pages\/18","targetHints":{"allow":["GET"]}}],"collection":[{"href":"https:\/\/eserbsegumrukleme.com\/index.php\/wp-json\/wp\/v2\/pages"}],"about":[{"href":"https:\/\/eserbsegumrukleme.com\/index.php\/wp-json\/wp\/v2\/types\/page"}],"author":[{"embeddable":true,"href":"https:\/\/eserbsegumrukleme.com\/index.php\/wp-json\/wp\/v2\/users\/1"}],"replies":[{"embeddable":true,"href":"https:\/\/eserbsegumrukleme.com\/index.php\/wp-json\/wp\/v2\/comments?post=18"}],"version-history":[{"count":7,"href":"https:\/\/eserbsegumrukleme.com\/index.php\/wp-json\/wp\/v2\/pages\/18\/revisions"}],"predecessor-version":[{"id":1854,"href":"https:\/\/eserbsegumrukleme.com\/index.php\/wp-json\/wp\/v2\/pages\/18\/revisions\/1854"}],"wp:attachment":[{"href":"https:\/\/eserbsegumrukleme.com\/index.php\/wp-json\/wp\/v2\/media?parent=18"}],"curies":[{"name":"wp","href":"https:\/\/api.w.org\/{rel}","templated":true}]}}