{"id":1832,"date":"2022-05-23T13:41:44","date_gmt":"2022-05-23T10:41:44","guid":{"rendered":"https:\/\/eserbsegumrukleme.com\/?page_id=1832"},"modified":"2022-05-23T13:43:10","modified_gmt":"2022-05-23T10:43:10","slug":"dis-ticaret-danismanligi","status":"publish","type":"page","link":"https:\/\/eserbsegumrukleme.com\/index.php\/hizmetlerimiz\/dis-ticaret-danismanligi\/","title":{"rendered":"D\u0131\u015f Ticaret Dan\u0131\u015fmanl\u0131\u011f\u0131"},"content":{"rendered":"<p>[vc_row][vc_column][vc_single_image image=&#8221;1741&#8243; img_size=&#8221;1280&#215;600&#8243;][vc_empty_space height=&#8221;10px&#8221;][vc_column_text]<\/p>\n<blockquote><p>D\u0131\u015f ticaret faaliyetlerinizi planl\u0131yor ve projelendiriyoruz. D\u0131\u015f ticaret dan\u0131\u015fmanl\u0131\u011f\u0131 hizmetinden faydalanman\u0131z, mevcut t\u00fcm riskleri azaltman\u0131z\u0131 sa\u011flar.<\/p><\/blockquote>\n<h3>D\u0131\u015f Ticaret Dan\u0131\u015fmanl\u0131\u011f\u0131<\/h3>\n<p>Hukuki ve b\u00fcrokratik s\u00fcre\u00e7lerin takibi,<br \/>\nLojistik ve g\u00fcmr\u00fckleme i\u015flemleri,<br \/>\nYasal mevzuatlar\u0131n gerektirdi\u011fi belgelerin d\u00fczenlenmesi ve lisanslar\u0131n al\u0131nmas\u0131<br \/>\nOperasyonlarla ilgili \u00f6deme takviminin takip edilmesi<br \/>\nPotansiyel ithalat\u00e7\u0131 ve da\u011f\u0131t\u0131c\u0131 firmalar\u0131n tespit edilmesi.<br \/>\nAyr\u0131nt\u0131l\u0131 Raporlama ve Analiz[\/vc_column_text][vc_empty_space height=&#8221;40px&#8221;][\/vc_column][\/vc_row]<\/p>\n","protected":false},"excerpt":{"rendered":"<p>[vc_row][vc_column][vc_single_image image=&#8221;1741&#8243; img_size=&#8221;1280&#215;600&#8243;][vc_empty_space height=&#8221;10px&#8221;][vc_column_text] D\u0131\u015f ticaret faaliyetlerinizi planl\u0131yor ve projelendiriyoruz. D\u0131\u015f ticaret dan\u0131\u015fmanl\u0131\u011f\u0131 hizmetinden faydalanman\u0131z, mevcut t\u00fcm riskleri azaltman\u0131z\u0131 sa\u011flar. D\u0131\u015f Ticaret Dan\u0131\u015fmanl\u0131\u011f\u0131 Hukuki ve b\u00fcrokratik s\u00fcre\u00e7lerin takibi, Lojistik ve g\u00fcmr\u00fckleme i\u015flemleri, Yasal mevzuatlar\u0131n gerektirdi\u011fi belgelerin d\u00fczenlenmesi ve lisanslar\u0131n al\u0131nmas\u0131 Operasyonlarla ilgili \u00f6deme takviminin takip edilmesi Potansiyel ithalat\u00e7\u0131 ve da\u011f\u0131t\u0131c\u0131 firmalar\u0131n tespit edilmesi. Ayr\u0131nt\u0131l\u0131 Raporlama [&hellip;]<\/p>\n","protected":false},"author":1,"featured_media":0,"parent":16,"menu_order":0,"comment_status":"closed","ping_status":"closed","template":"","meta":{"footnotes":""},"class_list":["post-1832","page","type-page","status-publish","hentry"],"acf":[],"_links":{"self":[{"href":"https:\/\/eserbsegumrukleme.com\/index.php\/wp-json\/wp\/v2\/pages\/1832","targetHints":{"allow":["GET"]}}],"collection":[{"href":"https:\/\/eserbsegumrukleme.com\/index.php\/wp-json\/wp\/v2\/pages"}],"about":[{"href":"https:\/\/eserbsegumrukleme.com\/index.php\/wp-json\/wp\/v2\/types\/page"}],"author":[{"embeddable":true,"href":"https:\/\/eserbsegumrukleme.com\/index.php\/wp-json\/wp\/v2\/users\/1"}],"replies":[{"embeddable":true,"href":"https:\/\/eserbsegumrukleme.com\/index.php\/wp-json\/wp\/v2\/comments?post=1832"}],"version-history":[{"count":2,"href":"https:\/\/eserbsegumrukleme.com\/index.php\/wp-json\/wp\/v2\/pages\/1832\/revisions"}],"predecessor-version":[{"id":1834,"href":"https:\/\/eserbsegumrukleme.com\/index.php\/wp-json\/wp\/v2\/pages\/1832\/revisions\/1834"}],"up":[{"embeddable":true,"href":"https:\/\/eserbsegumrukleme.com\/index.php\/wp-json\/wp\/v2\/pages\/16"}],"wp:attachment":[{"href":"https:\/\/eserbsegumrukleme.com\/index.php\/wp-json\/wp\/v2\/media?parent=1832"}],"curies":[{"name":"wp","href":"https:\/\/api.w.org\/{rel}","templated":true}]}}