{"id":208,"date":"2017-10-02T02:33:24","date_gmt":"2017-10-02T02:33:24","guid":{"rendered":"http:\/\/eserbsegumrukleme.com\/\/?page_id=208"},"modified":"2022-05-23T16:28:53","modified_gmt":"2022-05-23T13:28:53","slug":"hakkimizda","status":"publish","type":"page","link":"https:\/\/eserbsegumrukleme.com\/index.php\/hakkimizda\/","title":{"rendered":"Hakk\u0131m\u0131zda"},"content":{"rendered":"<p>[vc_row css=&#8221;.vc_custom_1510561695682{margin-right: 0px !important;margin-bottom: 50px !important;margin-left: 0px !important;padding-top: 100px !important;padding-bottom: 100px !important;background-image: url(http:\/\/eserbsegumrukleme.com\/wp-content\/uploads\/\/2017\/09\/promotion-performance-review-ringsidetalent.jpg?id=95) !important;background-position: center !important;background-repeat: no-repeat !important;background-size: cover !important;}&#8221;][vc_column width=&#8221;1\/6&#8243;][\/vc_column][vc_column width=&#8221;2\/3&#8243;][vc_custom_heading text=&#8221;Eser BSE G\u00fcmr\u00fck&#8221; font_container=&#8221;tag:h2|font_size:48px|text_align:center|color:%23dd3333&#8243; use_theme_fonts=&#8221;yes&#8221; css=&#8221;.vc_custom_1653304860401{padding-top: 30px !important;padding-right: 30px !important;padding-bottom: 30px !important;padding-left: 30px !important;background-color: rgba(255,255,255,0.88) !important;*background-color: rgb(255,255,255) !important;}&#8221; el_class=&#8221;shadow&#8221;][\/vc_column][vc_column width=&#8221;1\/6&#8243;][\/vc_column][\/vc_row][vc_row][vc_column width=&#8221;1\/3&#8243;][vc_custom_heading text=&#8221;Biz Kimiz?&#8221; font_container=&#8221;tag:h3|text_align:left&#8221; use_theme_fonts=&#8221;yes&#8221;][vc_empty_space height=&#8221;20px&#8221;][\/vc_column][vc_column width=&#8221;2\/3&#8243;][vc_column_text]Eser Bse G\u00fcmr\u00fckleme sekt\u00f6r\u00fcnde ve global ticaret hayat\u0131nda entegre bilgi teknolojilerinin getirdi\u011fi olanaklarla d\u0131\u015f ticaretin t\u00fcm alanlar\u0131nda hizmet vermektedir. Bu anlamda h\u0131zla de\u011fi\u015fen ticari yap\u0131ya s\u00fcrekli kendimizi yenileyerek , modern teknoloji kullanarak ,kurum i\u00e7in e\u011fitimlerle ve g\u00fcncel mevzuat \u00e7al\u0131\u015fma tak\u0131mlar\u0131 ile ayak uydurmaktay\u0131z.<\/p>\n<p>M\u0130SYONUMUZ;<\/p>\n<p>Eser BSE G\u00fcmr\u00fck M\u00fc\u015favirli\u011fi olarak; m\u00fc\u015fterilerimizin memnuniyetini \u00f6n planda tutarak g\u00fcmr\u00fckleme mevzuat\u0131na uygun bir \u015fekilde \u00e7al\u0131\u015fma arkada\u015flar\u0131m\u0131zla hizmet vermekteyiz.<\/p>\n<p>V\u0130ZYONUMUZ;<\/p>\n<p>H\u0131zl\u0131, ilkeli, sorumluluk sahibi ve yenilik\u00e7i yakla\u015f\u0131m\u0131m\u0131zla b\u00f6lgemizde lider g\u00fcmr\u00fck firmas\u0131 olmak..[\/vc_column_text][vc_empty_space height=&#8221;50px&#8221;][\/vc_column][\/vc_row]<\/p>\n","protected":false},"excerpt":{"rendered":"<p>[vc_row css=&#8221;.vc_custom_1510561695682{margin-right: 0px !important;margin-bottom: 50px !important;margin-left: 0px !important;padding-top: 100px !important;padding-bottom: 100px !important;background-image: url(http:\/\/eserbsegumrukleme.com\/wp-content\/uploads\/\/2017\/09\/promotion-performance-review-ringsidetalent.jpg?id=95) !important;background-position: center !important;background-repeat: no-repeat !important;background-size: cover !important;}&#8221;][vc_column width=&#8221;1\/6&#8243;][\/vc_column][vc_column width=&#8221;2\/3&#8243;][vc_custom_heading text=&#8221;Eser BSE G\u00fcmr\u00fck&#8221; font_container=&#8221;tag:h2|font_size:48px|text_align:center|color:%23dd3333&#8243; use_theme_fonts=&#8221;yes&#8221; css=&#8221;.vc_custom_1653304860401{padding-top: 30px !important;padding-right: 30px !important;padding-bottom: 30px !important;padding-left: 30px !important;background-color: rgba(255,255,255,0.88) !important;*background-color: rgb(255,255,255) !important;}&#8221; el_class=&#8221;shadow&#8221;][\/vc_column][vc_column width=&#8221;1\/6&#8243;][\/vc_column][\/vc_row][vc_row][vc_column width=&#8221;1\/3&#8243;][vc_custom_heading text=&#8221;Biz Kimiz?&#8221; font_container=&#8221;tag:h3|text_align:left&#8221; use_theme_fonts=&#8221;yes&#8221;][vc_empty_space height=&#8221;20px&#8221;][\/vc_column][vc_column width=&#8221;2\/3&#8243;][vc_column_text]Eser Bse G\u00fcmr\u00fckleme sekt\u00f6r\u00fcnde ve global ticaret [&hellip;]<\/p>\n","protected":false},"author":1,"featured_media":0,"parent":0,"menu_order":0,"comment_status":"closed","ping_status":"closed","template":"","meta":{"footnotes":""},"class_list":["post-208","page","type-page","status-publish","hentry"],"acf":[],"_links":{"self":[{"href":"https:\/\/eserbsegumrukleme.com\/index.php\/wp-json\/wp\/v2\/pages\/208","targetHints":{"allow":["GET"]}}],"collection":[{"href":"https:\/\/eserbsegumrukleme.com\/index.php\/wp-json\/wp\/v2\/pages"}],"about":[{"href":"https:\/\/eserbsegumrukleme.com\/index.php\/wp-json\/wp\/v2\/types\/page"}],"author":[{"embeddable":true,"href":"https:\/\/eserbsegumrukleme.com\/index.php\/wp-json\/wp\/v2\/users\/1"}],"replies":[{"embeddable":true,"href":"https:\/\/eserbsegumrukleme.com\/index.php\/wp-json\/wp\/v2\/comments?post=208"}],"version-history":[{"count":5,"href":"https:\/\/eserbsegumrukleme.com\/index.php\/wp-json\/wp\/v2\/pages\/208\/revisions"}],"predecessor-version":[{"id":1858,"href":"https:\/\/eserbsegumrukleme.com\/index.php\/wp-json\/wp\/v2\/pages\/208\/revisions\/1858"}],"wp:attachment":[{"href":"https:\/\/eserbsegumrukleme.com\/index.php\/wp-json\/wp\/v2\/media?parent=208"}],"curies":[{"name":"wp","href":"https:\/\/api.w.org\/{rel}","templated":true}]}}