{"id":254,"date":"2017-10-02T02:52:58","date_gmt":"2017-10-02T02:52:58","guid":{"rendered":"http:\/\/eserbsegumrukleme.com\/\/?page_id=254"},"modified":"2022-05-20T11:10:43","modified_gmt":"2022-05-20T08:10:43","slug":"karayolu-tasimaciligi","status":"publish","type":"page","link":"https:\/\/eserbsegumrukleme.com\/index.php\/hizmetlerimiz\/karayolu-tasimaciligi\/","title":{"rendered":"Karayolu Ta\u015f\u0131mac\u0131l\u0131\u011f\u0131"},"content":{"rendered":"<p>[vc_row][vc_column][vc_single_image image=&#8221;1751&#8243; img_size=&#8221;1280&#215;600&#8243;][vc_empty_space height=&#8221;10px&#8221;][vc_column_text]<\/p>\n<h3>Karayolu Ta\u015f\u0131mac\u0131l\u0131\u011f\u0131 Hizmetimiz<\/h3>\n<p>Son model, \u00e7evre dostu, ask\u0131l\u0131 y\u00fcklere g\u00f6re tasarlanm\u0131\u015f, kapal\u0131 kasa, GPS donan\u0131ml\u0131 ara\u00e7lardan olu\u015fan filomuzla t\u00fcm Avrupa, Ortado\u011fu, T\u00fcrk Cumhuriyetlerine y\u00f6nelik kara yolu ta\u015f\u0131mac\u0131l\u0131\u011f\u0131 ihitya\u00e7lar\u0131n\u0131za d\u00fczenli seferler ve JIT teslim garantisiyle en h\u0131zl\u0131, kaliteli ve ekonomik \u00e7\u00f6z\u00fcmler.[\/vc_column_text][vc_empty_space height=&#8221;40px&#8221;][\/vc_column][\/vc_row]<\/p>\n","protected":false},"excerpt":{"rendered":"<p>[vc_row][vc_column][vc_single_image image=&#8221;1751&#8243; img_size=&#8221;1280&#215;600&#8243;][vc_empty_space height=&#8221;10px&#8221;][vc_column_text] Karayolu Ta\u015f\u0131mac\u0131l\u0131\u011f\u0131 Hizmetimiz Son model, \u00e7evre dostu, ask\u0131l\u0131 y\u00fcklere g\u00f6re tasarlanm\u0131\u015f, kapal\u0131 kasa, GPS donan\u0131ml\u0131 ara\u00e7lardan olu\u015fan filomuzla t\u00fcm Avrupa, Ortado\u011fu, T\u00fcrk Cumhuriyetlerine y\u00f6nelik kara yolu ta\u015f\u0131mac\u0131l\u0131\u011f\u0131 ihitya\u00e7lar\u0131n\u0131za d\u00fczenli seferler ve JIT teslim garantisiyle en h\u0131zl\u0131, kaliteli ve ekonomik \u00e7\u00f6z\u00fcmler.[\/vc_column_text][vc_empty_space height=&#8221;40px&#8221;][\/vc_column][\/vc_row]<\/p>\n","protected":false},"author":1,"featured_media":0,"parent":16,"menu_order":0,"comment_status":"closed","ping_status":"closed","template":"","meta":{"footnotes":""},"class_list":["post-254","page","type-page","status-publish","hentry"],"acf":[],"_links":{"self":[{"href":"https:\/\/eserbsegumrukleme.com\/index.php\/wp-json\/wp\/v2\/pages\/254","targetHints":{"allow":["GET"]}}],"collection":[{"href":"https:\/\/eserbsegumrukleme.com\/index.php\/wp-json\/wp\/v2\/pages"}],"about":[{"href":"https:\/\/eserbsegumrukleme.com\/index.php\/wp-json\/wp\/v2\/types\/page"}],"author":[{"embeddable":true,"href":"https:\/\/eserbsegumrukleme.com\/index.php\/wp-json\/wp\/v2\/users\/1"}],"replies":[{"embeddable":true,"href":"https:\/\/eserbsegumrukleme.com\/index.php\/wp-json\/wp\/v2\/comments?post=254"}],"version-history":[{"count":2,"href":"https:\/\/eserbsegumrukleme.com\/index.php\/wp-json\/wp\/v2\/pages\/254\/revisions"}],"predecessor-version":[{"id":1790,"href":"https:\/\/eserbsegumrukleme.com\/index.php\/wp-json\/wp\/v2\/pages\/254\/revisions\/1790"}],"up":[{"embeddable":true,"href":"https:\/\/eserbsegumrukleme.com\/index.php\/wp-json\/wp\/v2\/pages\/16"}],"wp:attachment":[{"href":"https:\/\/eserbsegumrukleme.com\/index.php\/wp-json\/wp\/v2\/media?parent=254"}],"curies":[{"name":"wp","href":"https:\/\/api.w.org\/{rel}","templated":true}]}}