{"id":258,"date":"2017-10-02T02:53:48","date_gmt":"2017-10-02T02:53:48","guid":{"rendered":"http:\/\/eserbsegumrukleme.com\/\/?page_id=258"},"modified":"2022-05-23T13:21:15","modified_gmt":"2022-05-23T10:21:15","slug":"denizyolu-tasimaciligi","status":"publish","type":"page","link":"https:\/\/eserbsegumrukleme.com\/index.php\/hizmetlerimiz\/denizyolu-tasimaciligi\/","title":{"rendered":"Denizyolu Ta\u015f\u0131mac\u0131l\u0131\u011f\u0131"},"content":{"rendered":"<p>[vc_row][vc_column][vc_single_image image=&#8221;1731&#8243; img_size=&#8221;1280&#215;600&#8243;][vc_empty_space height=&#8221;10px&#8221;][vc_column_text]ESER BSE G\u00fcmr\u00fckleme T\u00fcrkiye\u2019nin say\u0131l\u0131 limanlar\u0131 aras\u0131nda bulunan MIP Mersin liman\u0131 \u00e7evresinde faaliyet g\u00f6stermenin avantaj\u0131yla olduk\u00e7a geni\u015f bir alana hizmet vermeye \u00e7al\u0131\u015fmaktad\u0131r.<\/p>\n<p>Denizyolu ta\u015f\u0131mac\u0131l\u0131\u011f\u0131nda sa\u011flad\u0131\u011f\u0131m\u0131z temel hizmetlerden baz\u0131lar\u0131:<\/p>\n<p>FCL Konteyner, \u0130thalat\/\u0130hracat Ta\u015f\u0131malar\u0131,<br \/>\nLCL (parsiyel) Konteyner, \u0130thalat\/\u0130hracat Ta\u015f\u0131malar\u0131,<br \/>\nM\u00fc\u015fteriye \u00f6zel raporlama hizmeti,<br \/>\nHaftal\u0131k D\u00fczenli Seferler,<br \/>\nT\u00fcrkiye Aktarmal\u0131 Transit Ta\u015f\u0131malar,<br \/>\n\u00d6zel Konteyner Se\u00e7enekleri (Opentop, Flatrack, Reefer, ISO tank, Flexi vb.),<br \/>\nZaman\u0131nda Evrak Teslimi,<br \/>\nH\u0131zl\u0131, G\u00fcvenilir ve Ekonomik Hizmet[\/vc_column_text][vc_empty_space height=&#8221;40px&#8221;][\/vc_column][\/vc_row]<\/p>\n","protected":false},"excerpt":{"rendered":"<p>[vc_row][vc_column][vc_single_image image=&#8221;1731&#8243; img_size=&#8221;1280&#215;600&#8243;][vc_empty_space height=&#8221;10px&#8221;][vc_column_text]ESER BSE G\u00fcmr\u00fckleme T\u00fcrkiye\u2019nin say\u0131l\u0131 limanlar\u0131 aras\u0131nda bulunan MIP Mersin liman\u0131 \u00e7evresinde faaliyet g\u00f6stermenin avantaj\u0131yla olduk\u00e7a geni\u015f bir alana hizmet vermeye \u00e7al\u0131\u015fmaktad\u0131r. Denizyolu ta\u015f\u0131mac\u0131l\u0131\u011f\u0131nda sa\u011flad\u0131\u011f\u0131m\u0131z temel hizmetlerden baz\u0131lar\u0131: FCL Konteyner, \u0130thalat\/\u0130hracat Ta\u015f\u0131malar\u0131, LCL (parsiyel) Konteyner, \u0130thalat\/\u0130hracat Ta\u015f\u0131malar\u0131, M\u00fc\u015fteriye \u00f6zel raporlama hizmeti, Haftal\u0131k D\u00fczenli Seferler, T\u00fcrkiye Aktarmal\u0131 Transit Ta\u015f\u0131malar, \u00d6zel Konteyner Se\u00e7enekleri (Opentop, [&hellip;]<\/p>\n","protected":false},"author":1,"featured_media":0,"parent":16,"menu_order":0,"comment_status":"closed","ping_status":"closed","template":"","meta":{"footnotes":""},"class_list":["post-258","page","type-page","status-publish","hentry"],"acf":[],"_links":{"self":[{"href":"https:\/\/eserbsegumrukleme.com\/index.php\/wp-json\/wp\/v2\/pages\/258","targetHints":{"allow":["GET"]}}],"collection":[{"href":"https:\/\/eserbsegumrukleme.com\/index.php\/wp-json\/wp\/v2\/pages"}],"about":[{"href":"https:\/\/eserbsegumrukleme.com\/index.php\/wp-json\/wp\/v2\/types\/page"}],"author":[{"embeddable":true,"href":"https:\/\/eserbsegumrukleme.com\/index.php\/wp-json\/wp\/v2\/users\/1"}],"replies":[{"embeddable":true,"href":"https:\/\/eserbsegumrukleme.com\/index.php\/wp-json\/wp\/v2\/comments?post=258"}],"version-history":[{"count":3,"href":"https:\/\/eserbsegumrukleme.com\/index.php\/wp-json\/wp\/v2\/pages\/258\/revisions"}],"predecessor-version":[{"id":1823,"href":"https:\/\/eserbsegumrukleme.com\/index.php\/wp-json\/wp\/v2\/pages\/258\/revisions\/1823"}],"up":[{"embeddable":true,"href":"https:\/\/eserbsegumrukleme.com\/index.php\/wp-json\/wp\/v2\/pages\/16"}],"wp:attachment":[{"href":"https:\/\/eserbsegumrukleme.com\/index.php\/wp-json\/wp\/v2\/media?parent=258"}],"curies":[{"name":"wp","href":"https:\/\/api.w.org\/{rel}","templated":true}]}}