{"id":260,"date":"2017-10-02T02:54:07","date_gmt":"2017-10-02T02:54:07","guid":{"rendered":"http:\/\/eserbsegumrukleme.com\/\/?page_id=260"},"modified":"2022-05-23T13:19:39","modified_gmt":"2022-05-23T10:19:39","slug":"antrepo-depolama-hizmetleri","status":"publish","type":"page","link":"https:\/\/eserbsegumrukleme.com\/index.php\/hizmetlerimiz\/antrepo-depolama-hizmetleri\/","title":{"rendered":"Antrepo Depolama Hizmetleri"},"content":{"rendered":"<p>[vc_row][vc_column][vc_single_image image=&#8221;1747&#8243; img_size=&#8221;1280&#215;600&#8243;][vc_empty_space height=&#8221;10px&#8221;][vc_column_text]<\/p>\n<blockquote><p>%100 m\u00fc\u015fteri memnuniyeti &amp; kalite ilkemize olan ba\u011fl\u0131l\u0131\u011f\u0131m\u0131zla,m\u00fc\u015fterilerimize g\u00fcmr\u00fckl\u00fc ve g\u00fcmr\u00fcks\u00fcz antrepo hizmeti vermekteyiz.<\/p><\/blockquote>\n<p>ESER BSE G\u00fcmr\u00fckleme, uzunca bir s\u00fcre alt yap\u0131 \u00e7al\u0131\u015fmalar\u0131n\u0131 s\u00fcrd\u00fcrd\u00fc\u011f\u00fc ve ge\u00e7en zaman i\u00e7erisinde tamamlad\u0131\u011f\u0131 Antrepo Hizmetleri faaliyetlerini de ekleyerek \u00e7al\u0131\u015fma alanlar\u0131n\u0131 geni\u015fletmi\u015f bulunmaktad\u0131r. ESER BSE G\u00fcmr\u00fckleme, T\u00fcrkiye\u2019nin say\u0131l\u0131 limanlar\u0131 aras\u0131nda bulunan MIP Mersin liman\u0131 ve serbest b\u00f6lge \u00e7evresinde faaliyet g\u00f6stermenin avantaj\u0131yla sizlerin antrepo ve depolama hizmetlerini kusursuz olarak s\u00fcrd\u00fcrmektedir.[\/vc_column_text][vc_empty_space height=&#8221;40px&#8221;][\/vc_column][\/vc_row][vc_row][vc_column][vc_separator color=&#8221;custom&#8221; accent_color=&#8221;rgba(2,6,32,0.1)&#8221;][vc_empty_space height=&#8221;50px&#8221;][\/vc_column][\/vc_row]<\/p>\n","protected":false},"excerpt":{"rendered":"<p>[vc_row][vc_column][vc_single_image image=&#8221;1747&#8243; img_size=&#8221;1280&#215;600&#8243;][vc_empty_space height=&#8221;10px&#8221;][vc_column_text] %100 m\u00fc\u015fteri memnuniyeti &amp; kalite ilkemize olan ba\u011fl\u0131l\u0131\u011f\u0131m\u0131zla,m\u00fc\u015fterilerimize g\u00fcmr\u00fckl\u00fc ve g\u00fcmr\u00fcks\u00fcz antrepo hizmeti vermekteyiz. ESER BSE G\u00fcmr\u00fckleme, uzunca bir s\u00fcre alt yap\u0131 \u00e7al\u0131\u015fmalar\u0131n\u0131 s\u00fcrd\u00fcrd\u00fc\u011f\u00fc ve ge\u00e7en zaman i\u00e7erisinde tamamlad\u0131\u011f\u0131 Antrepo Hizmetleri faaliyetlerini de ekleyerek \u00e7al\u0131\u015fma alanlar\u0131n\u0131 geni\u015fletmi\u015f bulunmaktad\u0131r. ESER BSE G\u00fcmr\u00fckleme, T\u00fcrkiye\u2019nin say\u0131l\u0131 limanlar\u0131 aras\u0131nda bulunan MIP Mersin liman\u0131 ve serbest [&hellip;]<\/p>\n","protected":false},"author":1,"featured_media":0,"parent":16,"menu_order":0,"comment_status":"closed","ping_status":"closed","template":"","meta":{"footnotes":""},"class_list":["post-260","page","type-page","status-publish","hentry"],"acf":[],"_links":{"self":[{"href":"https:\/\/eserbsegumrukleme.com\/index.php\/wp-json\/wp\/v2\/pages\/260","targetHints":{"allow":["GET"]}}],"collection":[{"href":"https:\/\/eserbsegumrukleme.com\/index.php\/wp-json\/wp\/v2\/pages"}],"about":[{"href":"https:\/\/eserbsegumrukleme.com\/index.php\/wp-json\/wp\/v2\/types\/page"}],"author":[{"embeddable":true,"href":"https:\/\/eserbsegumrukleme.com\/index.php\/wp-json\/wp\/v2\/users\/1"}],"replies":[{"embeddable":true,"href":"https:\/\/eserbsegumrukleme.com\/index.php\/wp-json\/wp\/v2\/comments?post=260"}],"version-history":[{"count":4,"href":"https:\/\/eserbsegumrukleme.com\/index.php\/wp-json\/wp\/v2\/pages\/260\/revisions"}],"predecessor-version":[{"id":1822,"href":"https:\/\/eserbsegumrukleme.com\/index.php\/wp-json\/wp\/v2\/pages\/260\/revisions\/1822"}],"up":[{"embeddable":true,"href":"https:\/\/eserbsegumrukleme.com\/index.php\/wp-json\/wp\/v2\/pages\/16"}],"wp:attachment":[{"href":"https:\/\/eserbsegumrukleme.com\/index.php\/wp-json\/wp\/v2\/media?parent=260"}],"curies":[{"name":"wp","href":"https:\/\/api.w.org\/{rel}","templated":true}]}}