{"id":262,"date":"2017-10-02T02:54:27","date_gmt":"2017-10-02T02:54:27","guid":{"rendered":"http:\/\/eserbsegumrukleme.com\/\/?page_id=262"},"modified":"2022-05-23T13:32:14","modified_gmt":"2022-05-23T10:32:14","slug":"ithalat-islemleri","status":"publish","type":"page","link":"https:\/\/eserbsegumrukleme.com\/index.php\/hizmetlerimiz\/ithalat-islemleri\/","title":{"rendered":"\u0130thalat \u0130\u015flemleri"},"content":{"rendered":"<p>[vc_row][vc_column][vc_single_image image=&#8221;1753&#8243; img_size=&#8221;1280&#215;600&#8243;][vc_empty_space height=&#8221;10px&#8221;][vc_column_text]<\/p>\n<blockquote><p>4458 say\u0131l\u0131 G\u00fcmr\u00fck Kanunu ve mevzuat\u0131n g\u00fcmr\u00fck m\u00fc\u015favirlerine verdi\u011fi yetki ve izin \u00e7er\u00e7evesinde ithalat, ihracat, antrepo ve transit i\u015flemleriniz ger\u00e7ekle\u015ftirilirken; minimum s\u00fcre ve maliyet ile sonu\u00e7land\u0131r\u0131lmas\u0131 esas al\u0131n\u0131r<\/p><\/blockquote>\n<h3>\u0130thalat \u0130\u015flemleri<\/h3>\n<p>\u0130thalat hizmetine konu e\u015fyan\u0131n ithal evraklar\u0131n\u0131n, cins, nevi ve fiziksel \u00f6zelliklerinin kontrol\u00fc sonras\u0131nda; rejim ve GT\u0130P tesbiti, nakliye firmas\u0131ndan veya acentelerden e\u015fyan\u0131n var\u0131\u015f tarihi ve evraklar\u0131n\u0131n takibi, vesaiklerin ve\u00f6zet beyan\u0131n (ordino) al\u0131nmas\u0131, gerekti\u011finde k\u00fc\u015fat yap\u0131lmas\u0131, ED\u0130 ortam\u0131nda tescili, e\u015fyan\u0131n muayenesinin yap\u0131lmas\u0131, eksiklik, hasar veya hata durumunda tutanaklar\u0131n tutulmas\u0131 ve firma ilgililerine bilgi verilmesi, e\u015fyan\u0131n vergi \u00f6demelerinin yap\u0131lmas\u0131 ve firman\u0131n vermi\u015f oldu\u011fu talimatta belirtilen adresi e\u015fyan\u0131n teslimi, evrak teslim formu ile ithal beyannamesi ve eklerinin firmaya teslimi ve ge\u00e7ici giri\u015f i\u015flemlerinin s\u00fcrelerinin takibi ile ithalat hizmeti verilir.[\/vc_column_text][vc_empty_space height=&#8221;40px&#8221;][\/vc_column][\/vc_row][vc_row][vc_column][vc_separator color=&#8221;custom&#8221; accent_color=&#8221;rgba(2,6,32,0.1)&#8221;][vc_empty_space height=&#8221;50px&#8221;][\/vc_column][\/vc_row]<\/p>\n","protected":false},"excerpt":{"rendered":"<p>[vc_row][vc_column][vc_single_image image=&#8221;1753&#8243; img_size=&#8221;1280&#215;600&#8243;][vc_empty_space height=&#8221;10px&#8221;][vc_column_text] 4458 say\u0131l\u0131 G\u00fcmr\u00fck Kanunu ve mevzuat\u0131n g\u00fcmr\u00fck m\u00fc\u015favirlerine verdi\u011fi yetki ve izin \u00e7er\u00e7evesinde ithalat, ihracat, antrepo ve transit i\u015flemleriniz ger\u00e7ekle\u015ftirilirken; minimum s\u00fcre ve maliyet ile sonu\u00e7land\u0131r\u0131lmas\u0131 esas al\u0131n\u0131r \u0130thalat \u0130\u015flemleri \u0130thalat hizmetine konu e\u015fyan\u0131n ithal evraklar\u0131n\u0131n, cins, nevi ve fiziksel \u00f6zelliklerinin kontrol\u00fc sonras\u0131nda; rejim ve GT\u0130P tesbiti, nakliye firmas\u0131ndan veya acentelerden [&hellip;]<\/p>\n","protected":false},"author":1,"featured_media":0,"parent":16,"menu_order":0,"comment_status":"closed","ping_status":"closed","template":"","meta":{"footnotes":""},"class_list":["post-262","page","type-page","status-publish","hentry"],"acf":[],"_links":{"self":[{"href":"https:\/\/eserbsegumrukleme.com\/index.php\/wp-json\/wp\/v2\/pages\/262","targetHints":{"allow":["GET"]}}],"collection":[{"href":"https:\/\/eserbsegumrukleme.com\/index.php\/wp-json\/wp\/v2\/pages"}],"about":[{"href":"https:\/\/eserbsegumrukleme.com\/index.php\/wp-json\/wp\/v2\/types\/page"}],"author":[{"embeddable":true,"href":"https:\/\/eserbsegumrukleme.com\/index.php\/wp-json\/wp\/v2\/users\/1"}],"replies":[{"embeddable":true,"href":"https:\/\/eserbsegumrukleme.com\/index.php\/wp-json\/wp\/v2\/comments?post=262"}],"version-history":[{"count":2,"href":"https:\/\/eserbsegumrukleme.com\/index.php\/wp-json\/wp\/v2\/pages\/262\/revisions"}],"predecessor-version":[{"id":1828,"href":"https:\/\/eserbsegumrukleme.com\/index.php\/wp-json\/wp\/v2\/pages\/262\/revisions\/1828"}],"up":[{"embeddable":true,"href":"https:\/\/eserbsegumrukleme.com\/index.php\/wp-json\/wp\/v2\/pages\/16"}],"wp:attachment":[{"href":"https:\/\/eserbsegumrukleme.com\/index.php\/wp-json\/wp\/v2\/media?parent=262"}],"curies":[{"name":"wp","href":"https:\/\/api.w.org\/{rel}","templated":true}]}}