{"id":264,"date":"2017-10-02T02:55:16","date_gmt":"2017-10-02T02:55:16","guid":{"rendered":"http:\/\/eserbsegumrukleme.com\/\/?page_id=264"},"modified":"2022-05-23T13:31:09","modified_gmt":"2022-05-23T10:31:09","slug":"ihracat-islemleri","status":"publish","type":"page","link":"https:\/\/eserbsegumrukleme.com\/index.php\/hizmetlerimiz\/ihracat-islemleri\/","title":{"rendered":"\u0130hracat \u0130\u015flemleri"},"content":{"rendered":"<p>[vc_row][vc_column][vc_single_image image=&#8221;1744&#8243; img_size=&#8221;1280&#215;600&#8243;][vc_empty_space height=&#8221;10px&#8221;][vc_column_text]<\/p>\n<blockquote><p>4458 say\u0131l\u0131 G\u00fcmr\u00fck Kanunu ve mevzuat\u0131n g\u00fcmr\u00fck m\u00fc\u015favirlerine verdi\u011fi yetki ve izin \u00e7er\u00e7evesinde ithalat, ihracat, antrepo ve transit i\u015flemleriniz ger\u00e7ekle\u015ftirilirken; minimum s\u00fcre ve maliyet ile sonu\u00e7land\u0131r\u0131lmas\u0131 esas al\u0131n\u0131r<\/p><\/blockquote>\n<h3>\u0130hracat \u0130\u015flemleri<\/h3>\n<p>\u0130hracat hizmetine konu e\u015fyan\u0131n ihra\u00e7 evraklar\u0131n\u0131n, cins, nevi ve fiziksel \u00f6zelliklerinin kontrol\u00fc sonras\u0131nda; rejim ve GT\u0130P tesbiti, telafi edici vergi, sa\u011fl\u0131k sertifikas\u0131, kontrol belgesi, ATR, EUR 1 men\u015fei \u015fahadetnamesi, \u00fclke durumuna g\u00f6re konsolosluk tasdik i\u015flemleri yap\u0131lmas\u0131, e\u015fyan\u0131n t\u00fcr\u00fcne g\u00f6re ilgili ihracat\u00e7\u0131 birliklerine \u00fcyelik i\u015flemlerinin yapt\u0131r\u0131lmas\u0131, g\u00fcmr\u00fck beyannamesinin tanzim edilerek ED\u0130 ortam\u0131nda tescili, operasyon i\u015flemlerinin tamamlanmas\u0131, vesaiklerin firma talimat\u0131 do\u011frultusunda nakliye firmas\u0131na veya gerekli yerlere teslimi, evrak teslim formu ile ihra\u00e7 beyannamesi ve eklerinin firmaya teslimi, ge\u00e7ici ihracat i\u015flemlerinin s\u00fcrelerinin takibi ile ihracat hizmeti verilir.[\/vc_column_text][vc_empty_space height=&#8221;40px&#8221;][\/vc_column][\/vc_row][vc_row][vc_column][vc_separator color=&#8221;custom&#8221; accent_color=&#8221;rgba(2,6,32,0.1)&#8221;][vc_empty_space height=&#8221;50px&#8221;][\/vc_column][\/vc_row]<\/p>\n","protected":false},"excerpt":{"rendered":"<p>[vc_row][vc_column][vc_single_image image=&#8221;1744&#8243; img_size=&#8221;1280&#215;600&#8243;][vc_empty_space height=&#8221;10px&#8221;][vc_column_text] 4458 say\u0131l\u0131 G\u00fcmr\u00fck Kanunu ve mevzuat\u0131n g\u00fcmr\u00fck m\u00fc\u015favirlerine verdi\u011fi yetki ve izin \u00e7er\u00e7evesinde ithalat, ihracat, antrepo ve transit i\u015flemleriniz ger\u00e7ekle\u015ftirilirken; minimum s\u00fcre ve maliyet ile sonu\u00e7land\u0131r\u0131lmas\u0131 esas al\u0131n\u0131r \u0130hracat \u0130\u015flemleri \u0130hracat hizmetine konu e\u015fyan\u0131n ihra\u00e7 evraklar\u0131n\u0131n, cins, nevi ve fiziksel \u00f6zelliklerinin kontrol\u00fc sonras\u0131nda; rejim ve GT\u0130P tesbiti, telafi edici vergi, sa\u011fl\u0131k [&hellip;]<\/p>\n","protected":false},"author":1,"featured_media":0,"parent":16,"menu_order":0,"comment_status":"closed","ping_status":"closed","template":"","meta":{"footnotes":""},"class_list":["post-264","page","type-page","status-publish","hentry"],"acf":[],"_links":{"self":[{"href":"https:\/\/eserbsegumrukleme.com\/index.php\/wp-json\/wp\/v2\/pages\/264","targetHints":{"allow":["GET"]}}],"collection":[{"href":"https:\/\/eserbsegumrukleme.com\/index.php\/wp-json\/wp\/v2\/pages"}],"about":[{"href":"https:\/\/eserbsegumrukleme.com\/index.php\/wp-json\/wp\/v2\/types\/page"}],"author":[{"embeddable":true,"href":"https:\/\/eserbsegumrukleme.com\/index.php\/wp-json\/wp\/v2\/users\/1"}],"replies":[{"embeddable":true,"href":"https:\/\/eserbsegumrukleme.com\/index.php\/wp-json\/wp\/v2\/comments?post=264"}],"version-history":[{"count":2,"href":"https:\/\/eserbsegumrukleme.com\/index.php\/wp-json\/wp\/v2\/pages\/264\/revisions"}],"predecessor-version":[{"id":1827,"href":"https:\/\/eserbsegumrukleme.com\/index.php\/wp-json\/wp\/v2\/pages\/264\/revisions\/1827"}],"up":[{"embeddable":true,"href":"https:\/\/eserbsegumrukleme.com\/index.php\/wp-json\/wp\/v2\/pages\/16"}],"wp:attachment":[{"href":"https:\/\/eserbsegumrukleme.com\/index.php\/wp-json\/wp\/v2\/media?parent=264"}],"curies":[{"name":"wp","href":"https:\/\/api.w.org\/{rel}","templated":true}]}}