{"id":500,"date":"2017-10-30T08:12:09","date_gmt":"2017-10-30T08:12:09","guid":{"rendered":"http:\/\/eserbsegumrukleme.com\/\/?page_id=500"},"modified":"2022-05-23T16:36:11","modified_gmt":"2022-05-23T13:36:11","slug":"home-02","status":"publish","type":"page","link":"https:\/\/eserbsegumrukleme.com\/","title":{"rendered":"Home #02"},"content":{"rendered":"<p>[vc_row full_width=&#8221;stretch_row_content_no_spaces&#8221;][vc_column]\n\t\t\t<!-- START Home2 REVOLUTION SLIDER 6.5.21 --><p class=\"rs-p-wp-fix\"><\/p>\n\t\t\t<rs-module-wrap id=\"rev_slider_2_1_wrapper\" data-source=\"gallery\" style=\"visibility:hidden;background:transparent;padding:0;margin:0px auto;margin-top:0;margin-bottom:0;\">\n\t\t\t\t<rs-module id=\"rev_slider_2_1\" style=\"\" data-version=\"6.5.21\">\n\t\t\t\t\t<rs-slides>\n\t\t\t\t\t\t<rs-slide style=\"position: absolute;\" data-key=\"rs-6\" data-title=\"Slide\" data-thumb=\"\/\/eserbsegumrukleme.com\/wp-content\/uploads\/2022\/05\/eserbse-gumruk-lojistik-mersin-100x50.jpg\" data-anim=\"ms:600;\" data-in=\"o:0;\" data-out=\"a:false;\">\n\t\t\t\t\t\t\t<img loading=\"lazy\" decoding=\"async\" src=\"\/\/eserbsegumrukleme.com\/wp-content\/plugins\/revslider\/public\/assets\/assets\/dummy.png\" alt=\"\" title=\"eserbse-gumruk-lojistik-mersin\" width=\"1680\" height=\"750\" class=\"rev-slidebg tp-rs-img rs-lazyload\" data-lazyload=\"\/\/eserbsegumrukleme.com\/wp-content\/uploads\/2022\/05\/eserbse-gumruk-lojistik-mersin.jpg\" data-no-retina>\n<!--\n\t\t\t\t\t\t\t--><rs-layer\n\t\t\t\t\t\t\t\tid=\"slider-2-slide-6-layer-1\" \n\t\t\t\t\t\t\t\tdata-type=\"text\"\n\t\t\t\t\t\t\t\tdata-color=\"#273272\"\n\t\t\t\t\t\t\t\tdata-rsp_ch=\"on\"\n\t\t\t\t\t\t\t\tdata-xy=\"x:r;xo:-82px;y:c;yo:-121px;\"\n\t\t\t\t\t\t\t\tdata-text=\"s:27;l:32;a:inherit;\"\n\t\t\t\t\t\t\t\tdata-frame_0=\"o:1;\"\n\t\t\t\t\t\t\t\tdata-frame_0_sfx=\"se:blocktoleft;\"\n\t\t\t\t\t\t\t\tdata-frame_1=\"e:power4.inOut;sp:2000;sR:10;\"\n\t\t\t\t\t\t\t\tdata-frame_1_sfx=\"se:blocktoleft;\"\n\t\t\t\t\t\t\t\tdata-frame_999=\"o:0;st:w;sR:6990;\"\n\t\t\t\t\t\t\t\tstyle=\"z-index:5;font-family:'Poppins';text-transform:uppercase;\"\n\t\t\t\t\t\t\t><div class=\"slider-caption-2\">\n<div class=\"slider-subtitle\">G\u00f6z\u00fcn\u00fcz arkada kalmas\u0131n<\/div>\n<div class=\"slider-title\">t\u00fcm s\u00fcre\u00e7leri<br \/>\ntitizlikle<br \/>\ny\u00fcr\u00fct\u00fcyoruz<\/div>\n\n<\/div> \n\t\t\t\t\t\t\t<\/rs-layer><!--\n-->\t\t\t\t\t\t<\/rs-slide>\n\t\t\t\t\t\t<rs-slide style=\"position: absolute;\" data-key=\"rs-4\" data-title=\"Slide\" data-thumb=\"\/\/eserbsegumrukleme.com\/wp-content\/uploads\/2022\/05\/eserbse-gumruk-musavirligi-100x50.jpg\" data-anim=\"ms:600;\" data-in=\"o:0;\" data-out=\"a:false;\">\n\t\t\t\t\t\t\t<img loading=\"lazy\" decoding=\"async\" src=\"\/\/eserbsegumrukleme.com\/wp-content\/plugins\/revslider\/public\/assets\/assets\/dummy.png\" alt=\"\" title=\"eserbse-gumruk-musavirligi\" width=\"1680\" height=\"750\" class=\"rev-slidebg tp-rs-img rs-lazyload\" data-lazyload=\"\/\/eserbsegumrukleme.com\/wp-content\/uploads\/2022\/05\/eserbse-gumruk-musavirligi.jpg\" data-no-retina>\n<!--\n\t\t\t\t\t\t\t--><rs-layer\n\t\t\t\t\t\t\t\tid=\"slider-2-slide-4-layer-1\" \n\t\t\t\t\t\t\t\tdata-type=\"text\"\n\t\t\t\t\t\t\t\tdata-color=\"#000000\"\n\t\t\t\t\t\t\t\tdata-rsp_ch=\"on\"\n\t\t\t\t\t\t\t\tdata-xy=\"y:c;yo:65px;\"\n\t\t\t\t\t\t\t\tdata-text=\"s:40;l:44;fw:200;a:inherit;\"\n\t\t\t\t\t\t\t\tdata-dim=\"w:404px;\"\n\t\t\t\t\t\t\t\tdata-frame_0=\"o:1;\"\n\t\t\t\t\t\t\t\tdata-frame_0_sfx=\"se:blocktoright;\"\n\t\t\t\t\t\t\t\tdata-frame_1=\"e:power4.inOut;sp:2000;\"\n\t\t\t\t\t\t\t\tdata-frame_1_sfx=\"se:blocktoright;\"\n\t\t\t\t\t\t\t\tdata-frame_999=\"o:0;st:w;sR:7000;\"\n\t\t\t\t\t\t\t\tstyle=\"z-index:5;font-family:'Poppins';text-transform:uppercase;\"\n\t\t\t\t\t\t\t><div class=\"slider-caption-1\">\n<div class=\"slider-title\">\nESER BSE  <br \/>\nG\u00fcmr\u00fck M\u00fc\u015favirli\u011fi <br \/>\n<strong>HIZLI & G\u00dcVENL\u0130<\/strong><\/div><\/div>\n\n\n\n \n\t\t\t\t\t\t\t<\/rs-layer><!--\n-->\t\t\t\t\t\t<\/rs-slide>\n\t\t\t\t\t\t<rs-slide style=\"position: absolute;\" data-key=\"rs-5\" data-title=\"Slide\" data-thumb=\"\/\/eserbsegumrukleme.com\/wp-content\/uploads\/2022\/05\/esfon1-100x50.jpg\" data-anim=\"ms:600;\" data-in=\"o:0;\" data-out=\"a:false;\">\n\t\t\t\t\t\t\t<img loading=\"lazy\" decoding=\"async\" src=\"\/\/eserbsegumrukleme.com\/wp-content\/plugins\/revslider\/public\/assets\/assets\/dummy.png\" alt=\"\" title=\"esfon1\" width=\"1550\" height=\"1030\" class=\"rev-slidebg tp-rs-img rs-lazyload\" data-lazyload=\"\/\/eserbsegumrukleme.com\/wp-content\/uploads\/2022\/05\/esfon1.jpg\" data-no-retina>\n<!--\n\t\t\t\t\t\t\t--><rs-layer\n\t\t\t\t\t\t\t\tid=\"slider-2-slide-5-layer-1\" \n\t\t\t\t\t\t\t\tdata-type=\"text\"\n\t\t\t\t\t\t\t\tdata-color=\"#ffffff\"\n\t\t\t\t\t\t\t\tdata-rsp_ch=\"on\"\n\t\t\t\t\t\t\t\tdata-xy=\"x:c;y:c;yo:65px;\"\n\t\t\t\t\t\t\t\tdata-text=\"s:32;l:36;fw:700;a:inherit;\"\n\t\t\t\t\t\t\t\tdata-frame_0=\"o:1;\"\n\t\t\t\t\t\t\t\tdata-frame_0_sfx=\"se:blocktobottom;\"\n\t\t\t\t\t\t\t\tdata-frame_1=\"e:power4.inOut;sp:2000;\"\n\t\t\t\t\t\t\t\tdata-frame_1_sfx=\"se:blocktobottom;\"\n\t\t\t\t\t\t\t\tdata-frame_999=\"o:0;st:w;sR:7000;\"\n\t\t\t\t\t\t\t\tstyle=\"z-index:5;font-family:'Poppins';\"\n\t\t\t\t\t\t\t><div class=\"slider-caption-3\">\n<div class=\"slider-subtitle\">Ta\u015f\u0131mac\u0131l\u0131k Hizmetlerinde<\/div>\n<div class=\"slider-title\">ESER BSE <\/div>\n<div class=\"slider-subtitle\">Uzman Ekibimizle Yan\u0131n\u0131zday\u0131z<\/div>\n\n<\/div> \n\t\t\t\t\t\t\t<\/rs-layer><!--\n-->\t\t\t\t\t\t<\/rs-slide>\n\t\t\t\t\t<\/rs-slides>\n\t\t\t\t<\/rs-module>\n\t\t\t\t<script>\n\t\t\t\t\tsetREVStartSize({c: 'rev_slider_2_1',rl:[1240,1024,778,480],el:[700],gw:[1170],gh:[700],type:'standard',justify:'',layout:'fullwidth',mh:\"0\"});if (window.RS_MODULES!==undefined && window.RS_MODULES.modules!==undefined && window.RS_MODULES.modules[\"revslider21\"]!==undefined) {window.RS_MODULES.modules[\"revslider21\"].once = false;window.revapi2 = undefined;if (window.RS_MODULES.checkMinimal!==undefined) window.RS_MODULES.checkMinimal()}\n\t\t\t\t<\/script>\n\t\t\t<\/rs-module-wrap>\n\t\t\t<!-- END REVOLUTION SLIDER -->\n[\/vc_column][\/vc_row][vc_row css=&#8221;.vc_custom_1509528047455{padding-top: 60px !important;}&#8221;][vc_column width=&#8221;1\/3&#8243;][vc_custom_heading text=&#8221;H\u0130ZMETLER\u0130M\u0130Z&#8221; use_theme_fonts=&#8221;yes&#8221;][vc_empty_space height=&#8221;20px&#8221;][\/vc_column][vc_column width=&#8221;2\/3&#8243;][vc_column_text]<\/p>\n<p class=\"large-text\">G\u00fcmr\u00fckleme Hizmetleri, Antrepo\/Depolama ve Lojistik Hizmetleri, D\u0131\u015f Ticaret Dan\u0131\u015fmanl\u0131\u011f\u0131 ba\u015fta olmak \u00fczere Yurt i\u00e7inde &amp; d\u0131\u015f\u0131nda komple veya parsiyel bazda istenilen zamanda, hasars\u0131z ve en uygun maliyet ile m\u00fc\u015fterinin belirledi\u011fi yere teslim etmekteyiz. Yurtd\u0131\u015f\u0131ndan getirilen \u00fcr\u00fcnler i\u00e7in tahsis etti\u011fi g\u00fcmr\u00fckl\u00fc depolar\u0131nda, ilgili yasal mevzuat \u00e7er\u00e7evesinde antrepo hizmeti ve\/veya depolama hizmeti vermekteyiz.<\/p>\n<p>[\/vc_column_text][vc_empty_space height=&#8221;35px&#8221;][\/vc_column][\/vc_row][vc_section css=&#8221;.vc_custom_1512721551776{padding-bottom: 35px !important;}&#8221;][vc_row css=&#8221;.vc_custom_1512721438066{padding-top: 15px !important;padding-bottom: 15px !important;}&#8221;][vc_column width=&#8221;1\/2&#8243;][vc_hoverbox image=&#8221;1741&#8243; primary_title=&#8221;G\u00fcmr\u00fckleme Hizmetleri&#8221; primary_title_use_theme_fonts=&#8221;yes&#8221; hover_title=&#8221;G\u00fcmr\u00fckleme Hizmetleri&#8221; shape=&#8221;square&#8221; hover_background_color=&#8221;custom&#8221; hover_btn_title=&#8221;Button&#8221; use_custom_fonts_primary_title=&#8221;true&#8221; hover_add_button=&#8221;true&#8221; hover_custom_background=&#8221;#273272&#8243; hover_btn_link=&#8221;url:https%3A%2F%2Feserbsegumrukleme.com%2Findex.php%2Fhizmetlerimiz%2Fihracat-islemleri%2F|title:%C4%B0hracat%20%C4%B0%C5%9Flemleri&#8221; primary_title_link=&#8221;url:https%3A%2F%2Feserbsegumrukleme.com%2Findex.php%2Fhizmetlerimiz%2Fithalat-islemleri%2F&#8221;]<span style=\"color: #ffffff;\">4458 say\u0131l\u0131 G\u00fcmr\u00fck Kanunu ve mevzuat\u0131n g\u00fcmr\u00fck m\u00fc\u015favirlerine verdi\u011fi yetki ve izin \u00e7er\u00e7evesinde ithalat, ihracat, antrepo ve transit i\u015flemleriniz ger\u00e7ekle\u015ftirilirken; minimum s\u00fcre ve maliyet ile sonu\u00e7land\u0131r\u0131lmas\u0131 esas al\u0131n\u0131r.<\/span><\/p>\n<p>[\/vc_hoverbox][\/vc_column][vc_column width=&#8221;1\/4&#8243;][vc_hoverbox image=&#8221;1746&#8243; primary_title=&#8221;D\u0131\u015f Ticaret Dan\u0131\u015fmanl\u0131\u011f\u0131&#8221; primary_title_use_theme_fonts=&#8221;yes&#8221; hover_title=&#8221;&#8221; shape=&#8221;square&#8221; hover_background_color=&#8221;custom&#8221; hover_btn_title=&#8221;&#8221; use_custom_fonts_primary_title=&#8221;true&#8221; hover_add_button=&#8221;true&#8221; hover_custom_background=&#8221;#00a914&#8243; hover_btn_link=&#8221;url:https%3A%2F%2Feserbsegumrukleme.com%2Findex.php%2Fhizmetlerimiz%2Fdis-ticaret-danismanligi%2F|title:D%C4%B1%C5%9F%20Ticaret%20Dan%C4%B1%C5%9Fmanl%C4%B1%C4%9F%C4%B1&#8243; primary_title_link=&#8221;url:https%3A%2F%2Feserbsegumrukleme.com%2Findex.php%2Fhizmetlerimiz%2Fdis-ticaret-danismanligi%2F|title:D%C4%B1%C5%9F%20Ticaret%20Dan%C4%B1%C5%9Fmanl%C4%B1%C4%9F%C4%B1&#8243;]<span style=\"color: #ffffff;\">ESER BSE olarak d\u0131\u015f ticaret faaliyetlerinizi planl\u0131yor ve projelendiriyoruz. D\u0131\u015f ticaret dan\u0131\u015fmanl\u0131\u011f\u0131 hizmetinden faydalanman\u0131z, mevcut t\u00fcm riskleri azaltman\u0131z\u0131 sa\u011flar.<\/span><\/p>\n<p>[\/vc_hoverbox][\/vc_column][vc_column width=&#8221;1\/4&#8243;][vc_hoverbox image=&#8221;1747&#8243; primary_title=&#8221;Antrepo &amp; Depolama&#8221; primary_title_use_theme_fonts=&#8221;yes&#8221; hover_title=&#8221;Antrepo &amp; Depolama&#8221; shape=&#8221;square&#8221; hover_background_color=&#8221;custom&#8221; hover_btn_title=&#8221;&#8221; use_custom_fonts_primary_title=&#8221;true&#8221; hover_add_button=&#8221;true&#8221; hover_custom_background=&#8221;#007af7&#8243; hover_btn_link=&#8221;url:https%3A%2F%2Feserbsegumrukleme.com%2Findex.php%2Fhizmetlerimiz%2Fantrepo-depolama-hizmetleri%2F|title:Antrepo%20Depolama%20Hizmetleri&#8221; primary_title_link=&#8221;url:https%3A%2F%2Feserbsegumrukleme.com%2Findex.php%2Fhizmetlerimiz%2Fantrepo-depolama-hizmetleri%2F|title:Antrepo%20Depolama%20Hizmetleri&#8221;]<span style=\"color: #ffffff;\">ESER BSE G\u00fcmr\u00fckleme m\u00fc\u015fterilerinin ihtiya\u00e7lar\u0131 do\u011frultusunda t\u00fcm katma de\u011ferli antrepo hizmetlerini sunmaktad\u0131r.<\/span><\/p>\n<p>[\/vc_hoverbox][\/vc_column][\/vc_row][vc_row css=&#8221;.vc_custom_1512721430169{padding-top: 15px !important;padding-bottom: 15px !important;}&#8221;][vc_column width=&#8221;1\/4&#8243;][vc_hoverbox image=&#8221;1751&#8243; primary_title=&#8221;Uluslararas\u0131 Nakliyat&#8221; primary_title_use_theme_fonts=&#8221;yes&#8221; hover_title=&#8221;Uluslararas\u0131 Nakliyat&#8221; shape=&#8221;square&#8221; hover_background_color=&#8221;custom&#8221; hover_btn_title=&#8221;&#8221; use_custom_fonts_primary_title=&#8221;true&#8221; hover_add_button=&#8221;true&#8221; hover_custom_background=&#8221;#f46137&#8243; hover_btn_link=&#8221;url:https%3A%2F%2Feserbsegumrukleme.com%2Findex.php%2Fhizmetlerimiz%2Fkarayolu-tasimaciligi%2F|title:Karayolu%20Ta%C5%9F%C4%B1mac%C4%B1l%C4%B1%C4%9F%C4%B1&#8243; primary_title_link=&#8221;url:https%3A%2F%2Feserbsegumrukleme.com%2Findex.php%2Fhizmetlerimiz%2Fkarayolu-tasimaciligi%2F|title:Karayolu%20Ta%C5%9F%C4%B1mac%C4%B1l%C4%B1%C4%9F%C4%B1&#8243;]<span style=\"color: #ffffff;\">Eser BSE G\u00fcmr\u00fckleme Lojistik olarak Karayolu, Havayolu ve Denizyolu Ta\u015f\u0131mac\u0131l\u0131\u011f\u0131nda h\u0131zl\u0131 &amp; ekonomik \u00e7\u00f6z\u00fcmler sunuyoruz.<\/span><\/p>\n<p>[\/vc_hoverbox][\/vc_column][vc_column width=&#8221;1\/4&#8243;][vc_hoverbox image=&#8221;670&#8243; primary_title=&#8221;Sigorta Hizmetleri&#8221; primary_title_use_theme_fonts=&#8221;yes&#8221; hover_title=&#8221;Sigorta Hizmetleri&#8221; shape=&#8221;square&#8221; hover_background_color=&#8221;custom&#8221; hover_btn_title=&#8221;Button&#8221; use_custom_fonts_primary_title=&#8221;true&#8221; hover_add_button=&#8221;true&#8221; hover_custom_background=&#8221;#8d8ea3&#8243; hover_btn_link=&#8221;url:https%3A%2F%2Feserbsegumrukleme.com%2Findex.php%2Fhizmetlerimiz%2Fsigorta-hizmetleri%2F|title:Sigorta%20Hizmetleri&#8221; primary_title_link=&#8221;url:https%3A%2F%2Feserbsegumrukleme.com%2Findex.php%2Fhizmetlerimiz%2Fsigorta-hizmetleri%2F|title:Sigorta%20Hizmetleri&#8221;]<span style=\"color: #ffffff;\">Eser BSE olarak, m\u00fc\u015fterilerimize\u00a0 nakliyat, yang\u0131n, kasko ve trafik gibi bir\u00e7ok poli\u00e7eyi zaman kayb\u0131 yaratmadan d\u00fczenlemektedir.<\/span><\/p>\n<p>[\/vc_hoverbox][\/vc_column][vc_column width=&#8221;1\/2&#8243;][vc_hoverbox image=&#8221;1753&#8243; primary_title=&#8221;Lojistik Hizmetleri&#8221; primary_title_use_theme_fonts=&#8221;yes&#8221; hover_title=&#8221;Lojistik Hizmetleri&#8221; shape=&#8221;square&#8221; hover_background_color=&#8221;custom&#8221; hover_btn_title=&#8221;&#8221; use_custom_fonts_primary_title=&#8221;true&#8221; hover_add_button=&#8221;true&#8221; hover_custom_background=&#8221;#d6002a&#8221; primary_title_link=&#8221;url:https%3A%2F%2Feserbsegumrukleme.com%2Findex.php%2Fhizmetlerimiz%2Fdenizyolu-tasimaciligi%2F|title:Denizyolu%20Ta%C5%9F%C4%B1mac%C4%B1l%C4%B1%C4%9F%C4%B1&#8243; hover_btn_link=&#8221;url:https%3A%2F%2Feserbsegumrukleme.com%2Findex.php%2Fhizmetlerimiz%2Fdenizyolu-tasimaciligi%2F|title:Denizyolu%20Ta%C5%9F%C4%B1mac%C4%B1l%C4%B1%C4%9F%C4%B1&#8243;]<span style=\"color: #ffffff;\">T\u00fcm D\u00fcnyaya komple veya parsiyel bazda \u00fcr\u00fcnleri h\u0131zl\u0131 ve en uygun maliyet ile m\u00fc\u015fterinin belirledi\u011fi yere teslim etmekteyiz.<\/span><\/p>\n<p>[\/vc_hoverbox][\/vc_column][\/vc_row][\/vc_section][vc_row css=&#8221;.vc_custom_1511189264739{padding-top: 80px !important;}&#8221;][vc_column][vc_custom_heading text=&#8221;Neden Eser BSE G\u00fcmr\u00fckleme Lojistik?&#8221; font_container=&#8221;tag:h2|text_align:center&#8221; use_theme_fonts=&#8221;yes&#8221;][\/vc_column][\/vc_row][vc_row gap=&#8221;35&#8243; content_placement=&#8221;middle&#8221; css=&#8221;.vc_custom_1512720514030{padding-top: 40px !important;padding-bottom: 50px !important;background-position: center !important;background-repeat: no-repeat !important;background-size: cover !important;}&#8221;][vc_column width=&#8221;1\/2&#8243;]<ul class=\"iconlist iconlist iconlist-icon-large \"><li ><div class=\"iconlist-item-icon\"><i class=\"entypo-icon entypo-icon-user\"><\/i><span class=\"shapes\"><\/span><\/div><div class=\"iconlist-item-content\">\n<h3><strong>24\/7 M\u00fc\u015fteri Memnuniyeti<\/strong><\/h3>\n<p>\u00d6zel m\u00fc\u015fteri temsilcisi deste\u011fi ile her an y\u00fck ve var\u0131\u015f- geli\u015f bilgilendirmesi ile m\u00fc\u015fterileriizin yan\u0131nday\u0131z.<\/div><\/li><li ><div class=\"iconlist-item-icon\"><i class=\"entypo-icon entypo-icon-dropbox\"><\/i><span class=\"shapes\"><\/span><\/div><div class=\"iconlist-item-content\">\n<h3>Kalite ve Hizmet S\u00fcreklili\u011fi<\/h3>\n<p>D\u00fcnya&#8217;n\u0131n her noktas\u0131na ula\u015fan g\u00fc\u00e7l\u00fc acente ve uluslararas\u0131 Global Network a\u011f\u0131m\u0131z ile t\u00fcm g\u00fcmr\u00fckleme ve lojistik ihtiya\u00e7lar\u0131n\u0131z\u0131 an\u0131nda \u00e7\u00f6z\u00fcmler sunuyoruz<\/div><\/li><li ><div class=\"iconlist-item-icon\"><i class=\"entypo-icon entypo-icon-chart-pie\"><\/i><span class=\"shapes\"><\/span><\/div><div class=\"iconlist-item-content\">\n<h3>Deneyim &amp; H\u0131z<\/h3>\n<p>Her i\u015flem i\u00e7in <strong>y\u0131llar\u0131n deneyimi<\/strong> ve bilgisini gerektiren kadromuz \u015firketinize g\u00fcmr\u00fck m\u00fc\u015favirli\u011fi hizmeti vermek i\u00e7in benzersiz bir konuma sahiptir.<\/div><\/li><\/ul>[\/vc_column][vc_column width=&#8221;1\/2&#8243;][vc_single_image image=&#8221;898&#8243; img_size=&#8221;full&#8221;][\/vc_column][\/vc_row]<\/p>\n","protected":false},"excerpt":{"rendered":"<p>[vc_row full_width=&#8221;stretch_row_content_no_spaces&#8221;][vc_column][\/vc_column][\/vc_row][vc_row css=&#8221;.vc_custom_1509528047455{padding-top: 60px !important;}&#8221;][vc_column width=&#8221;1\/3&#8243;][vc_custom_heading text=&#8221;H\u0130ZMETLER\u0130M\u0130Z&#8221; use_theme_fonts=&#8221;yes&#8221;][vc_empty_space height=&#8221;20px&#8221;][\/vc_column][vc_column width=&#8221;2\/3&#8243;][vc_column_text] G\u00fcmr\u00fckleme Hizmetleri, Antrepo\/Depolama ve Lojistik Hizmetleri, D\u0131\u015f Ticaret Dan\u0131\u015fmanl\u0131\u011f\u0131 ba\u015fta olmak \u00fczere Yurt i\u00e7inde &amp; d\u0131\u015f\u0131nda komple veya parsiyel bazda istenilen zamanda, hasars\u0131z ve en uygun maliyet ile m\u00fc\u015fterinin belirledi\u011fi yere teslim etmekteyiz. Yurtd\u0131\u015f\u0131ndan getirilen \u00fcr\u00fcnler i\u00e7in tahsis etti\u011fi g\u00fcmr\u00fckl\u00fc depolar\u0131nda, ilgili yasal mevzuat \u00e7er\u00e7evesinde [&hellip;]<\/p>\n","protected":false},"author":1,"featured_media":0,"parent":0,"menu_order":0,"comment_status":"closed","ping_status":"closed","template":"","meta":{"footnotes":""},"class_list":["post-500","page","type-page","status-publish","hentry"],"acf":[],"_links":{"self":[{"href":"https:\/\/eserbsegumrukleme.com\/index.php\/wp-json\/wp\/v2\/pages\/500","targetHints":{"allow":["GET"]}}],"collection":[{"href":"https:\/\/eserbsegumrukleme.com\/index.php\/wp-json\/wp\/v2\/pages"}],"about":[{"href":"https:\/\/eserbsegumrukleme.com\/index.php\/wp-json\/wp\/v2\/types\/page"}],"author":[{"embeddable":true,"href":"https:\/\/eserbsegumrukleme.com\/index.php\/wp-json\/wp\/v2\/users\/1"}],"replies":[{"embeddable":true,"href":"https:\/\/eserbsegumrukleme.com\/index.php\/wp-json\/wp\/v2\/comments?post=500"}],"version-history":[{"count":26,"href":"https:\/\/eserbsegumrukleme.com\/index.php\/wp-json\/wp\/v2\/pages\/500\/revisions"}],"predecessor-version":[{"id":1861,"href":"https:\/\/eserbsegumrukleme.com\/index.php\/wp-json\/wp\/v2\/pages\/500\/revisions\/1861"}],"wp:attachment":[{"href":"https:\/\/eserbsegumrukleme.com\/index.php\/wp-json\/wp\/v2\/media?parent=500"}],"curies":[{"name":"wp","href":"https:\/\/api.w.org\/{rel}","templated":true}]}}